{"id":3244,"date":"2024-07-01T23:25:07","date_gmt":"2024-07-01T23:25:07","guid":{"rendered":"https:\/\/www.res-food.eu\/?page_id=3244"},"modified":"2024-08-20T18:35:57","modified_gmt":"2024-08-20T18:35:57","slug":"course-for-humanitarian-organisations-3","status":"publish","type":"page","link":"https:\/\/www.res-food.eu\/index.php\/hu\/course-for-humanitarian-organisations-3\/","title":{"rendered":"K\u00e9pz\u00e9s humanit\u00e1rius szervezetek sz\u00e1m\u00e1ra"},"content":{"rendered":"\t\t<div data-elementor-type=\"wp-page\" data-elementor-id=\"3244\" class=\"elementor elementor-3244\">\n\t\t\t\t\t\t<section class=\"elementor-section elementor-top-section elementor-element elementor-element-5976a1f elementor-reverse-tablet elementor-reverse-mobile elementor-section-boxed elementor-section-height-default elementor-section-height-default wpr-particle-no wpr-jarallax-no wpr-parallax-no wpr-sticky-section-no\" data-id=\"5976a1f\" data-element_type=\"section\" data-settings=\"{&quot;background_background&quot;:&quot;classic&quot;}\">\n\t\t\t\t\t\t<div class=\"elementor-container elementor-column-gap-default\">\n\t\t\t\t\t<div class=\"elementor-column elementor-col-50 elementor-top-column elementor-element elementor-element-9cd9592 elementor-section-wrapper\" data-id=\"9cd9592\" data-element_type=\"column\">\n\t\t\t<div class=\"elementor-widget-wrap elementor-element-populated\">\n\t\t\t\t\t\t<div class=\"elementor-element elementor-element-5620892 elementor-widget elementor-widget-heading\" data-id=\"5620892\" data-element_type=\"widget\" data-widget_type=\"heading.default\">\n\t\t\t\t<div class=\"elementor-widget-container\">\n\t\t\t\t\t<h2 class=\"elementor-heading-title elementor-size-default\">K\u00e9pz\u00e9s humanit\u00e1rius szervezetek sz\u00e1m\u00e1ra<\/h2>\t\t\t\t<\/div>\n\t\t\t\t<\/div>\n\t\t\t\t<div class=\"elementor-element elementor-element-ed42004 elementor-widget elementor-widget-text-editor\" data-id=\"ed42004\" data-element_type=\"widget\" data-widget_type=\"text-editor.default\">\n\t\t\t\t<div class=\"elementor-widget-container\">\n\t\t\t\t\t\t\t\t\t<p><strong>Kiknek sz\u00f3l ez a k\u00e9pz\u00e9s?<\/strong><\/p><p>Ez a k\u00e9pz\u00e9s kifejezetten azoknak a humanit\u00e1rius szervezetekben dolgoz\u00f3 szakembereknek \u00e9s \u00f6nk\u00e9nteseknek sz\u00f3l, akik elk\u00f6telezettek az \u00e9lelmiszerpazarl\u00e1s cs\u00f6kkent\u00e9s\u00e9ben az \u00e9lelmiszerfelesleg megment\u00e9se \u00e9s \u00fajraeloszt\u00e1sa r\u00e9v\u00e9n.\u00a0<\/p><p><strong>A k\u00e9pz\u00e9s fel\u00e9p\u00edt\u00e9se \u00e9s id\u0151tartama:<\/strong><\/p><p>A k\u00e9pz\u00e9s n\u00e9gy modulra van felosztva, melyek seg\u00edts\u00e9g\u00e9vel elsaj\u00e1t\u00edthat\u00f3 az \u00e9lelmiszergy\u0171jt\u00e9shez \u00e9s \u00fajraeolszt\u00e1shoz sz\u00fcks\u00e9ges tud\u00e1s \u00e9s k\u00e9szs\u00e9gek. A teljes k\u00e9pz\u00e9si id\u0151tartam 12 \u00f3ra (3 \u00f3ra modulonk\u00e9nt).<\/p><p><strong>Oklev\u00e9l: <\/strong><\/p><p>Az \u00f6sszes modul hat h\u00e9ten bel\u00fcl t\u00f6rt\u00e9n\u0151 teljes\u00edt\u00e9sekor a r\u00e9sztvev\u0151k kapni fognak egy, az \u00e9lelmiszerpazarl\u00e1sban \u00e9s az emberis\u00e9g seg\u00edt\u00e9s\u00e9ben val\u00f3 j\u00e1rtass\u00e1got igazol\u00f3 oklevelet.<\/p>\t\t\t\t\t\t\t\t<\/div>\n\t\t\t\t<\/div>\n\t\t\t\t<div class=\"elementor-element elementor-element-95048a5 elementor-widget elementor-widget-heading\" data-id=\"95048a5\" data-element_type=\"widget\" data-widget_type=\"heading.default\">\n\t\t\t\t<div class=\"elementor-widget-container\">\n\t\t\t\t\t<h2 class=\"elementor-heading-title elementor-size-default\">Tartalom<\/h2>\t\t\t\t<\/div>\n\t\t\t\t<\/div>\n\t\t\t\t<div class=\"elementor-element elementor-element-ae0289a elementor-widget elementor-widget-heading\" data-id=\"ae0289a\" data-element_type=\"widget\" data-widget_type=\"heading.default\">\n\t\t\t\t<div class=\"elementor-widget-container\">\n\t\t\t\t\t<h5 class=\"elementor-heading-title elementor-size-default\">1. MODUL: \u00c9lelmiszerfelesleg<\/h5>\t\t\t\t<\/div>\n\t\t\t\t<\/div>\n\t\t\t\t<div class=\"elementor-element elementor-element-1719f85 elementor-widget elementor-widget-heading\" data-id=\"1719f85\" data-element_type=\"widget\" data-widget_type=\"heading.default\">\n\t\t\t\t<div class=\"elementor-widget-container\">\n\t\t\t\t\t<h5 class=\"elementor-heading-title elementor-size-default\">2. MODUL: \u00c9lelmiszerbiztons\u00e1g<\/h5>\t\t\t\t<\/div>\n\t\t\t\t<\/div>\n\t\t\t\t<div class=\"elementor-element elementor-element-c2eb94f elementor-widget elementor-widget-heading\" data-id=\"c2eb94f\" data-element_type=\"widget\" data-widget_type=\"heading.default\">\n\t\t\t\t<div class=\"elementor-widget-container\">\n\t\t\t\t\t<h5 class=\"elementor-heading-title elementor-size-default\">3. MODUL: Adom\u00e1nyoz\u00f3k k\u00f6z\u00f6ss\u00e9ge<\/h5>\t\t\t\t<\/div>\n\t\t\t\t<\/div>\n\t\t\t\t<div class=\"elementor-element elementor-element-a0abf2e elementor-widget elementor-widget-heading\" data-id=\"a0abf2e\" data-element_type=\"widget\" data-widget_type=\"heading.default\">\n\t\t\t\t<div class=\"elementor-widget-container\">\n\t\t\t\t\t<h5 class=\"elementor-heading-title elementor-size-default\">4. MODUL: J\u00f3gyakorlatok<\/h5>\t\t\t\t<\/div>\n\t\t\t\t<\/div>\n\t\t\t\t\t<\/div>\n\t\t<\/div>\n\t\t\t\t<div class=\"elementor-column elementor-col-50 elementor-top-column elementor-element elementor-element-b3c627f sticky-main\" data-id=\"b3c627f\" data-element_type=\"column\">\n\t\t\t<div class=\"elementor-widget-wrap elementor-element-populated\">\n\t\t\t\t\t\t<section class=\"elementor-section elementor-inner-section elementor-element elementor-element-52c0381 sticky-column elementor-section-boxed elementor-section-height-default elementor-section-height-default wpr-particle-no wpr-jarallax-no wpr-parallax-no wpr-sticky-section-no\" data-id=\"52c0381\" data-element_type=\"section\">\n\t\t\t\t\t\t<div class=\"elementor-container elementor-column-gap-default\">\n\t\t\t\t\t<div class=\"elementor-column elementor-col-100 elementor-inner-column elementor-element elementor-element-180ef7f\" data-id=\"180ef7f\" data-element_type=\"column\">\n\t\t\t<div class=\"elementor-widget-wrap elementor-element-populated\">\n\t\t\t\t\t\t<div class=\"elementor-element elementor-element-875e9f9 elementor-widget elementor-widget-image\" data-id=\"875e9f9\" data-element_type=\"widget\" data-widget_type=\"image.default\">\n\t\t\t\t<div class=\"elementor-widget-container\">\n\t\t\t\t\t\t\t\t\t\t\t\t\t\t\t<img fetchpriority=\"high\" decoding=\"async\" width=\"1000\" height=\"667\" src=\"https:\/\/www.res-food.eu\/wp-content\/uploads\/2024\/03\/2149012210.jpg\" class=\"attachment-large size-large wp-image-1202\" alt=\"\" srcset=\"https:\/\/www.res-food.eu\/wp-content\/uploads\/2024\/03\/2149012210.jpg 1000w, https:\/\/www.res-food.eu\/wp-content\/uploads\/2024\/03\/2149012210-300x200.jpg 300w, https:\/\/www.res-food.eu\/wp-content\/uploads\/2024\/03\/2149012210-768x512.jpg 768w\" sizes=\"(max-width: 1000px) 100vw, 1000px\" \/>\t\t\t\t\t\t\t\t\t\t\t\t\t\t\t<\/div>\n\t\t\t\t<\/div>\n\t\t\t\t<div class=\"elementor-element elementor-element-427a21b elementor-align-justify elementor-widget elementor-widget-button\" data-id=\"427a21b\" data-element_type=\"widget\" id=\"myButton\" data-widget_type=\"button.default\">\n\t\t\t\t<div class=\"elementor-widget-container\">\n\t\t\t\t\t\t\t\t\t<div class=\"elementor-button-wrapper\">\n\t\t\t\t\t<a class=\"elementor-button elementor-button-link elementor-size-sm\" href=\"https:\/\/www.res-food.eu\/index.php\/hu\/online-training-humanitarian-3\/?lesson=1\">\n\t\t\t\t\t\t<span class=\"elementor-button-content-wrapper\">\n\t\t\t\t\t\t\t\t\t<span class=\"elementor-button-text\">K\u00e9pz\u00e9s kezd\u00e9se<\/span>\n\t\t\t\t\t<\/span>\n\t\t\t\t\t<\/a>\n\t\t\t\t<\/div>\n\t\t\t\t\t\t\t\t<\/div>\n\t\t\t\t<\/div>\n\t\t\t\t\t<\/div>\n\t\t<\/div>\n\t\t\t\t\t<\/div>\n\t\t<\/section>\n\t\t\t\t\t<\/div>\n\t\t<\/div>\n\t\t\t\t\t<\/div>\n\t\t<\/section>\n\t\t\t\t<section class=\"elementor-section elementor-top-section elementor-element elementor-element-0bff382 elementor-section-boxed elementor-section-height-default elementor-section-height-default wpr-particle-no wpr-jarallax-no wpr-parallax-no wpr-sticky-section-no\" data-id=\"0bff382\" data-element_type=\"section\">\n\t\t\t\t\t\t<div class=\"elementor-container elementor-column-gap-default\">\n\t\t\t\t\t<div class=\"elementor-column elementor-col-100 elementor-top-column elementor-element elementor-element-5995481\" data-id=\"5995481\" data-element_type=\"column\">\n\t\t\t<div class=\"elementor-widget-wrap elementor-element-populated\">\n\t\t\t\t\t\t<div class=\"elementor-element elementor-element-7793784 elementor-widget elementor-widget-html\" data-id=\"7793784\" data-element_type=\"widget\" data-widget_type=\"html.default\">\n\t\t\t\t<div class=\"elementor-widget-container\">\n\t\t\t\t\t<style>\n\n.sticky-column {\nposition: sticky;\nposition: -webkit-sticky;\ntop: 8rem;\n}\n.sticky-main \n.elementor-widget-wrap {\ndisplay: block!important;\n}\n\n<\/style>\n\n\n\n\n\t\t\t\t<\/div>\n\t\t\t\t<\/div>\n\t\t\t\t\t<\/div>\n\t\t<\/div>\n\t\t\t\t\t<\/div>\n\t\t<\/section>\n\t\t\t\t<\/div>\n\t\t","protected":false},"excerpt":{"rendered":"<p>K\u00e9pz\u00e9s humanit\u00e1rius szervezetek sz\u00e1m\u00e1ra Kiknek sz\u00f3l ez a k\u00e9pz\u00e9s? Ez a k\u00e9pz\u00e9s kifejezetten azoknak a humanit\u00e1rius szervezetekben dolgoz\u00f3 szakembereknek \u00e9s \u00f6nk\u00e9nteseknek sz\u00f3l, akik elk\u00f6telezettek az \u00e9lelmiszerpazarl\u00e1s cs\u00f6kkent\u00e9s\u00e9ben az \u00e9lelmiszerfelesleg megment\u00e9se \u00e9s \u00fajraeloszt\u00e1sa r\u00e9v\u00e9n.\u00a0 A k\u00e9pz\u00e9s fel\u00e9p\u00edt\u00e9se \u00e9s id\u0151tartama: A k\u00e9pz\u00e9s n\u00e9gy modulra van felosztva, melyek seg\u00edts\u00e9g\u00e9vel elsaj\u00e1t\u00edthat\u00f3 az \u00e9lelmiszergy\u0171jt\u00e9shez \u00e9s \u00fajraeolszt\u00e1shoz sz\u00fcks\u00e9ges tud\u00e1s \u00e9s k\u00e9szs\u00e9gek. A teljes k\u00e9pz\u00e9si id\u0151tartam 12 \u00f3ra (3 \u00f3ra modulonk\u00e9nt). Oklev\u00e9l: Az \u00f6sszes modul hat h\u00e9ten bel\u00fcl t\u00f6rt\u00e9n\u0151 teljes\u00edt\u00e9sekor a r\u00e9sztvev\u0151k kapni fognak egy, az \u00e9lelmiszerpazarl\u00e1sban \u00e9s az emberis\u00e9g seg\u00edt\u00e9s\u00e9ben val\u00f3 j\u00e1rtass\u00e1got igazol\u00f3 oklevelet. Tartalom 1. MODUL: \u00c9lelmiszerfelesleg 2. MODUL: \u00c9lelmiszerbiztons\u00e1g 3. MODUL: Adom\u00e1nyoz\u00f3k k\u00f6z\u00f6ss\u00e9ge 4. MODUL: J\u00f3gyakorlatok K\u00e9pz\u00e9s kezd\u00e9se<\/p>\n","protected":false},"author":3,"featured_media":0,"parent":0,"menu_order":0,"comment_status":"closed","ping_status":"closed","template":"","meta":{"_exactmetrics_skip_tracking":false,"_exactmetrics_sitenote_active":false,"_exactmetrics_sitenote_note":"","_exactmetrics_sitenote_category":0,"site-sidebar-layout":"no-sidebar","site-content-layout":"page-builder","ast-site-content-layout":"full-width-container","site-content-style":"default","site-sidebar-style":"default","ast-global-header-display":"","ast-banner-title-visibility":"","ast-main-header-display":"","ast-hfb-above-header-display":"","ast-hfb-below-header-display":"","ast-hfb-mobile-header-display":"","site-post-title":"disabled","ast-breadcrumbs-content":"","ast-featured-img":"disabled","footer-sml-layout":"","theme-transparent-header-meta":"default","adv-header-id-meta":"","stick-header-meta":"","header-above-stick-meta":"","header-main-stick-meta":"","header-below-stick-meta":"","astra-migrate-meta-layouts":"set","ast-page-background-enabled":"default","ast-page-background-meta":{"desktop":{"background-color":"var(--ast-global-color-4)","background-image":"","background-repeat":"repeat","background-position":"center center","background-size":"auto","background-attachment":"scroll","background-type":"","background-media":"","overlay-type":"","overlay-color":"","overlay-opacity":"","overlay-gradient":""},"tablet":{"background-color":"","background-image":"","background-repeat":"repeat","background-position":"center center","background-size":"auto","background-attachment":"scroll","background-type":"","background-media":"","overlay-type":"","overlay-color":"","overlay-opacity":"","overlay-gradient":""},"mobile":{"background-color":"","background-image":"","background-repeat":"repeat","background-position":"center center","background-size":"auto","background-attachment":"scroll","background-type":"","background-media":"","overlay-type":"","overlay-color":"","overlay-opacity":"","overlay-gradient":""}},"ast-content-background-meta":{"desktop":{"background-color":"var(--ast-global-color-5)","background-image":"","background-repeat":"repeat","background-position":"center center","background-size":"auto","background-attachment":"scroll","background-type":"","background-media":"","overlay-type":"","overlay-color":"","overlay-opacity":"","overlay-gradient":""},"tablet":{"background-color":"var(--ast-global-color-5)","background-image":"","background-repeat":"repeat","background-position":"center center","background-size":"auto","background-attachment":"scroll","background-type":"","background-media":"","overlay-type":"","overlay-color":"","overlay-opacity":"","overlay-gradient":""},"mobile":{"background-color":"var(--ast-global-color-5)","background-image":"","background-repeat":"repeat","background-position":"center center","background-size":"auto","background-attachment":"scroll","background-type":"","background-media":"","overlay-type":"","overlay-color":"","overlay-opacity":"","overlay-gradient":""}},"footnotes":""},"class_list":["post-3244","page","type-page","status-publish","hentry"],"_links":{"self":[{"href":"https:\/\/www.res-food.eu\/index.php\/wp-json\/wp\/v2\/pages\/3244","targetHints":{"allow":["GET"]}}],"collection":[{"href":"https:\/\/www.res-food.eu\/index.php\/wp-json\/wp\/v2\/pages"}],"about":[{"href":"https:\/\/www.res-food.eu\/index.php\/wp-json\/wp\/v2\/types\/page"}],"author":[{"embeddable":true,"href":"https:\/\/www.res-food.eu\/index.php\/wp-json\/wp\/v2\/users\/3"}],"replies":[{"embeddable":true,"href":"https:\/\/www.res-food.eu\/index.php\/wp-json\/wp\/v2\/comments?post=3244"}],"version-history":[{"count":7,"href":"https:\/\/www.res-food.eu\/index.php\/wp-json\/wp\/v2\/pages\/3244\/revisions"}],"predecessor-version":[{"id":3945,"href":"https:\/\/www.res-food.eu\/index.php\/wp-json\/wp\/v2\/pages\/3244\/revisions\/3945"}],"wp:attachment":[{"href":"https:\/\/www.res-food.eu\/index.php\/wp-json\/wp\/v2\/media?parent=3244"}],"curies":[{"name":"wp","href":"https:\/\/api.w.org\/{rel}","templated":true}]}}