{"id":3852,"date":"2024-07-28T22:06:11","date_gmt":"2024-07-28T22:06:11","guid":{"rendered":"https:\/\/www.res-food.eu\/?page_id=3852"},"modified":"2024-08-22T18:15:16","modified_gmt":"2024-08-22T18:15:16","slug":"teaching-games-4","status":"publish","type":"page","link":"https:\/\/www.res-food.eu\/index.php\/hr\/teaching-games-4\/","title":{"rendered":"Nastavne igre"},"content":{"rendered":"\t\t<div data-elementor-type=\"wp-page\" data-elementor-id=\"3852\" class=\"elementor elementor-3852\">\n\t\t\t\t\t\t<section class=\"elementor-section elementor-top-section elementor-element elementor-element-5050fcf elementor-section-boxed elementor-section-height-default elementor-section-height-default wpr-particle-no wpr-jarallax-no wpr-parallax-no wpr-sticky-section-no\" data-id=\"5050fcf\" data-element_type=\"section\" data-settings=\"{&quot;background_background&quot;:&quot;gradient&quot;}\">\n\t\t\t\t\t\t\t<div class=\"elementor-background-overlay\"><\/div>\n\t\t\t\t\t\t\t<div class=\"elementor-container elementor-column-gap-default\">\n\t\t\t\t\t<div class=\"elementor-column elementor-col-100 elementor-top-column elementor-element elementor-element-b1a4a62\" data-id=\"b1a4a62\" data-element_type=\"column\">\n\t\t\t<div class=\"elementor-widget-wrap elementor-element-populated\">\n\t\t\t\t\t\t<div class=\"elementor-element elementor-element-fc66c63 elementor-widget elementor-widget-heading\" data-id=\"fc66c63\" data-element_type=\"widget\" data-widget_type=\"heading.default\">\n\t\t\t\t<div class=\"elementor-widget-container\">\n\t\t\t\t\t<h1 class=\"elementor-heading-title elementor-size-default\">Nastavne igre<\/h1>\t\t\t\t<\/div>\n\t\t\t\t<\/div>\n\t\t\t\t\t<\/div>\n\t\t<\/div>\n\t\t\t\t\t<\/div>\n\t\t<\/section>\n\t\t\t\t<section class=\"elementor-section elementor-top-section elementor-element elementor-element-0c68286 elementor-section-boxed elementor-section-height-default elementor-section-height-default wpr-particle-no wpr-jarallax-no wpr-parallax-no wpr-sticky-section-no\" data-id=\"0c68286\" data-element_type=\"section\" data-settings=\"{&quot;background_background&quot;:&quot;classic&quot;,&quot;shape_divider_top&quot;:&quot;opacity-tilt&quot;}\">\n\t\t\t\t\t<div class=\"elementor-shape elementor-shape-top\" data-negative=\"false\">\n\t\t\t<svg xmlns=\"http:\/\/www.w3.org\/2000\/svg\" viewBox=\"0 0 2600 131.1\" preserveAspectRatio=\"none\">\n\t<path class=\"elementor-shape-fill\" d=\"M0 0L2600 0 2600 69.1 0 0z\"\/>\n\t<path class=\"elementor-shape-fill\" style=\"opacity:0.5\" d=\"M0 0L2600 0 2600 69.1 0 69.1z\"\/>\n\t<path class=\"elementor-shape-fill\" style=\"opacity:0.25\" d=\"M2600 0L0 0 0 130.1 2600 69.1z\"\/>\n<\/svg>\t\t<\/div>\n\t\t\t\t\t<div class=\"elementor-container elementor-column-gap-default\">\n\t\t\t\t\t<div class=\"elementor-column elementor-col-100 elementor-top-column elementor-element elementor-element-6f5a16d\" data-id=\"6f5a16d\" data-element_type=\"column\">\n\t\t\t<div class=\"elementor-widget-wrap elementor-element-populated\">\n\t\t\t\t\t\t<section class=\"elementor-section elementor-inner-section elementor-element elementor-element-de92a97 elementor-section-boxed elementor-section-height-default elementor-section-height-default wpr-particle-no wpr-jarallax-no wpr-parallax-no wpr-sticky-section-no\" data-id=\"de92a97\" data-element_type=\"section\">\n\t\t\t\t\t\t<div class=\"elementor-container elementor-column-gap-default\">\n\t\t\t\t\t<div class=\"elementor-column elementor-col-100 elementor-inner-column elementor-element elementor-element-f9b2d49\" data-id=\"f9b2d49\" data-element_type=\"column\">\n\t\t\t<div class=\"elementor-widget-wrap elementor-element-populated\">\n\t\t\t\t\t\t<div class=\"elementor-element elementor-element-200b700 elementor-widget elementor-widget-text-editor\" data-id=\"200b700\" data-element_type=\"widget\" data-widget_type=\"text-editor.default\">\n\t\t\t\t<div class=\"elementor-widget-container\">\n\t\t\t\t\t\t\t\t\t<p>Dobrodo\u0161li na sljede\u0107u razinu u\u010denja o odr\u017eivim prehrambenim praksama i humanitarnim naporima za smanjenje bacanja hrane preusmjeravanjem gubitaka hrane na donacije. Posebno dizajnirane interaktivne igre \u010dine u\u010denje zabavnim i dojmljivim. Bilo da ste student, profesionalac ili vas jednostavno zanima odr\u017eivost hrane, na\u0161e igre nude jedinstven na\u010din za istra\u017eivanje slo\u017eenih koncepata kroz zanimljive, prakti\u010dne aktivnosti. Pripremite se da izazovete svoje razumijevanje i po\u010dnite igrati sada.<\/p>\t\t\t\t\t\t\t\t<\/div>\n\t\t\t\t<\/div>\n\t\t\t\t\t<\/div>\n\t\t<\/div>\n\t\t\t\t\t<\/div>\n\t\t<\/section>\n\t\t\t\t\t<\/div>\n\t\t<\/div>\n\t\t\t\t\t<\/div>\n\t\t<\/section>\n\t\t\t\t<section class=\"elementor-section elementor-top-section elementor-element elementor-element-8af5b4f elementor-section-boxed elementor-section-height-default elementor-section-height-default wpr-particle-no wpr-jarallax-no wpr-parallax-no wpr-sticky-section-no\" data-id=\"8af5b4f\" data-element_type=\"section\" data-settings=\"{&quot;background_background&quot;:&quot;classic&quot;,&quot;shape_divider_top&quot;:&quot;opacity-tilt&quot;}\">\n\t\t\t\t\t<div class=\"elementor-shape elementor-shape-top\" data-negative=\"false\">\n\t\t\t<svg xmlns=\"http:\/\/www.w3.org\/2000\/svg\" viewBox=\"0 0 2600 131.1\" preserveAspectRatio=\"none\">\n\t<path class=\"elementor-shape-fill\" d=\"M0 0L2600 0 2600 69.1 0 0z\"\/>\n\t<path class=\"elementor-shape-fill\" style=\"opacity:0.5\" d=\"M0 0L2600 0 2600 69.1 0 69.1z\"\/>\n\t<path class=\"elementor-shape-fill\" style=\"opacity:0.25\" d=\"M2600 0L0 0 0 130.1 2600 69.1z\"\/>\n<\/svg>\t\t<\/div>\n\t\t\t\t\t<div class=\"elementor-container elementor-column-gap-default\">\n\t\t\t\t\t<div class=\"elementor-column elementor-col-100 elementor-top-column elementor-element elementor-element-4ddcc08\" data-id=\"4ddcc08\" data-element_type=\"column\">\n\t\t\t<div class=\"elementor-widget-wrap elementor-element-populated\">\n\t\t\t\t\t\t<section class=\"elementor-section elementor-inner-section elementor-element elementor-element-3da36f5 elementor-section-boxed elementor-section-height-default elementor-section-height-default wpr-particle-no wpr-jarallax-no wpr-parallax-no wpr-sticky-section-no\" data-id=\"3da36f5\" data-element_type=\"section\">\n\t\t\t\t\t\t<div class=\"elementor-container elementor-column-gap-default\">\n\t\t\t\t\t<div class=\"elementor-column elementor-col-50 elementor-inner-column elementor-element elementor-element-57e52ee\" data-id=\"57e52ee\" data-element_type=\"column\">\n\t\t\t<div class=\"elementor-widget-wrap elementor-element-populated\">\n\t\t\t\t\t\t<div class=\"elementor-element elementor-element-3e237ca elementor-widget elementor-widget-image\" data-id=\"3e237ca\" data-element_type=\"widget\" data-widget_type=\"image.default\">\n\t\t\t\t<div class=\"elementor-widget-container\">\n\t\t\t\t\t\t\t\t\t\t\t\t\t\t\t<img fetchpriority=\"high\" decoding=\"async\" width=\"1024\" height=\"567\" src=\"https:\/\/www.res-food.eu\/wp-content\/uploads\/2024\/06\/Screenshot-2024-06-26-224014-1024x567.png\" class=\"attachment-large size-large wp-image-2924\" alt=\"\" srcset=\"https:\/\/www.res-food.eu\/wp-content\/uploads\/2024\/06\/Screenshot-2024-06-26-224014-1024x567.png 1024w, https:\/\/www.res-food.eu\/wp-content\/uploads\/2024\/06\/Screenshot-2024-06-26-224014-300x166.png 300w, https:\/\/www.res-food.eu\/wp-content\/uploads\/2024\/06\/Screenshot-2024-06-26-224014-768x425.png 768w, https:\/\/www.res-food.eu\/wp-content\/uploads\/2024\/06\/Screenshot-2024-06-26-224014.png 1341w\" sizes=\"(max-width: 1024px) 100vw, 1024px\" \/>\t\t\t\t\t\t\t\t\t\t\t\t\t\t\t<\/div>\n\t\t\t\t<\/div>\n\t\t\t\t\t<\/div>\n\t\t<\/div>\n\t\t\t\t<div class=\"elementor-column elementor-col-50 elementor-inner-column elementor-element elementor-element-bcf7f7a\" data-id=\"bcf7f7a\" data-element_type=\"column\">\n\t\t\t<div class=\"elementor-widget-wrap elementor-element-populated\">\n\t\t\t\t\t\t<div class=\"elementor-element elementor-element-b6953c6 elementor-widget elementor-widget-heading\" data-id=\"b6953c6\" data-element_type=\"widget\" data-widget_type=\"heading.default\">\n\t\t\t\t<div class=\"elementor-widget-container\">\n\t\t\t\t\t<h2 class=\"elementor-heading-title elementor-size-default\">Odgovaraju\u0107e karte<\/h2>\t\t\t\t<\/div>\n\t\t\t\t<\/div>\n\t\t\t\t<div class=\"elementor-element elementor-element-f40179f elementor-widget elementor-widget-text-editor\" data-id=\"f40179f\" data-element_type=\"widget\" data-widget_type=\"text-editor.default\">\n\t\t\t\t<div class=\"elementor-widget-container\">\n\t\t\t\t\t\t\t\t\t<p>Igra ReS-Food Matching Cards osmi\u0161ljena je da podigne va\u0161u svijest o odr\u017eivosti hrane u ugostiteljskom sektoru (HoReCa) i humanitarnim naporima (Donacije). Ova igra \u0107e vas izazvati da uparite kartice koje prikazuju odr\u017eive prehrambene prakse, pru\u017eaju\u0107i uzbudljivu priliku da pobolj\u0161ate svoje pam\u0107enje i znanje u ovom podru\u010dju.<\/p>\t\t\t\t\t\t\t\t<\/div>\n\t\t\t\t<\/div>\n\t\t\t\t<div class=\"elementor-element elementor-element-44fd320 elementor-align-left elementor-widget__width-auto elementor-widget elementor-widget-button\" data-id=\"44fd320\" data-element_type=\"widget\" data-widget_type=\"button.default\">\n\t\t\t\t<div class=\"elementor-widget-container\">\n\t\t\t\t\t\t\t\t\t<div class=\"elementor-button-wrapper\">\n\t\t\t\t\t<a class=\"elementor-button elementor-button-link elementor-size-sm\" href=\"https:\/\/www.res-food.eu\/Games\/Matching-Game-2-Croatian\/index.html\">\n\t\t\t\t\t\t<span class=\"elementor-button-content-wrapper\">\n\t\t\t\t\t\t\t\t\t<span class=\"elementor-button-text\">IGRAJ (HoReCa & SM verzija)<\/span>\n\t\t\t\t\t<\/span>\n\t\t\t\t\t<\/a>\n\t\t\t\t<\/div>\n\t\t\t\t\t\t\t\t<\/div>\n\t\t\t\t<\/div>\n\t\t\t\t<div class=\"elementor-element elementor-element-5d6873d elementor-align-left elementor-widget__width-auto elementor-widget elementor-widget-button\" data-id=\"5d6873d\" data-element_type=\"widget\" data-widget_type=\"button.default\">\n\t\t\t\t<div class=\"elementor-widget-container\">\n\t\t\t\t\t\t\t\t\t<div class=\"elementor-button-wrapper\">\n\t\t\t\t\t<a class=\"elementor-button elementor-button-link elementor-size-sm\" href=\"https:\/\/www.res-food.eu\/Games\/Matching-Game-Croatian\/index.html\">\n\t\t\t\t\t\t<span class=\"elementor-button-content-wrapper\">\n\t\t\t\t\t\t\t\t\t<span class=\"elementor-button-text\">IGRAJ (humanitarna verzija)<\/span>\n\t\t\t\t\t<\/span>\n\t\t\t\t\t<\/a>\n\t\t\t\t<\/div>\n\t\t\t\t\t\t\t\t<\/div>\n\t\t\t\t<\/div>\n\t\t\t\t\t<\/div>\n\t\t<\/div>\n\t\t\t\t\t<\/div>\n\t\t<\/section>\n\t\t\t\t<section class=\"elementor-section elementor-inner-section elementor-element elementor-element-ee3a4ce elementor-section-boxed elementor-section-height-default elementor-section-height-default wpr-particle-no wpr-jarallax-no wpr-parallax-no wpr-sticky-section-no\" data-id=\"ee3a4ce\" data-element_type=\"section\">\n\t\t\t\t\t\t<div class=\"elementor-container elementor-column-gap-default\">\n\t\t\t\t\t<div class=\"elementor-column elementor-col-50 elementor-inner-column elementor-element elementor-element-dc60b71\" data-id=\"dc60b71\" data-element_type=\"column\">\n\t\t\t<div class=\"elementor-widget-wrap elementor-element-populated\">\n\t\t\t\t\t\t<div class=\"elementor-element elementor-element-8d64fb8 elementor-widget elementor-widget-image\" data-id=\"8d64fb8\" data-element_type=\"widget\" data-widget_type=\"image.default\">\n\t\t\t\t<div class=\"elementor-widget-container\">\n\t\t\t\t\t\t\t\t\t\t\t\t\t\t\t<img decoding=\"async\" width=\"1024\" height=\"640\" src=\"https:\/\/www.res-food.eu\/wp-content\/uploads\/2024\/06\/Screenshot-2024-06-26-221427-1024x640.png\" class=\"attachment-large size-large wp-image-2904\" alt=\"\" srcset=\"https:\/\/www.res-food.eu\/wp-content\/uploads\/2024\/06\/Screenshot-2024-06-26-221427-1024x640.png 1024w, https:\/\/www.res-food.eu\/wp-content\/uploads\/2024\/06\/Screenshot-2024-06-26-221427-300x188.png 300w, https:\/\/www.res-food.eu\/wp-content\/uploads\/2024\/06\/Screenshot-2024-06-26-221427-768x480.png 768w, https:\/\/www.res-food.eu\/wp-content\/uploads\/2024\/06\/Screenshot-2024-06-26-221427.png 1192w\" sizes=\"(max-width: 1024px) 100vw, 1024px\" \/>\t\t\t\t\t\t\t\t\t\t\t\t\t\t\t<\/div>\n\t\t\t\t<\/div>\n\t\t\t\t\t<\/div>\n\t\t<\/div>\n\t\t\t\t<div class=\"elementor-column elementor-col-50 elementor-inner-column elementor-element elementor-element-fef1841\" data-id=\"fef1841\" data-element_type=\"column\">\n\t\t\t<div class=\"elementor-widget-wrap elementor-element-populated\">\n\t\t\t\t\t\t<div class=\"elementor-element elementor-element-7807813 elementor-widget elementor-widget-heading\" data-id=\"7807813\" data-element_type=\"widget\" data-widget_type=\"heading.default\">\n\t\t\t\t<div class=\"elementor-widget-container\">\n\t\t\t\t\t<h2 class=\"elementor-heading-title elementor-size-default\">Slagalica za razvrstavanje<\/h2>\t\t\t\t<\/div>\n\t\t\t\t<\/div>\n\t\t\t\t<div class=\"elementor-element elementor-element-9a432ab elementor-widget elementor-widget-text-editor\" data-id=\"9a432ab\" data-element_type=\"widget\" data-widget_type=\"text-editor.default\">\n\t\t\t\t<div class=\"elementor-widget-container\">\n\t\t\t\t\t\t\t\t\t<p>Igra ReS-Food Sorting Puzzle osmi\u0161ljena je da produbi va\u0161e razumijevanje odr\u017eivog rukovanja hranom u ugostiteljskom sektoru (HoReCa) i humanitarnim inicijativama (Donacije). Ova zanimljiva zagonetka zahtijeva od vas da ispravno kategorizirate razne predmete za donacije, odlaganje ili posebnu logistiku kao \u0161to je hla\u0111enje.<\/p>\t\t\t\t\t\t\t\t<\/div>\n\t\t\t\t<\/div>\n\t\t\t\t<div class=\"elementor-element elementor-element-993196b elementor-align-left elementor-widget__width-auto elementor-widget elementor-widget-button\" data-id=\"993196b\" data-element_type=\"widget\" data-widget_type=\"button.default\">\n\t\t\t\t<div class=\"elementor-widget-container\">\n\t\t\t\t\t\t\t\t\t<div class=\"elementor-button-wrapper\">\n\t\t\t\t\t<a class=\"elementor-button elementor-button-link elementor-size-sm\" href=\"https:\/\/www.res-food.eu\/Games\/SortingPuzzle-Croatian\/index.html\">\n\t\t\t\t\t\t<span class=\"elementor-button-content-wrapper\">\n\t\t\t\t\t\t\t\t\t<span class=\"elementor-button-text\">IGRAJ (HoReCa & SM verzija)<\/span>\n\t\t\t\t\t<\/span>\n\t\t\t\t\t<\/a>\n\t\t\t\t<\/div>\n\t\t\t\t\t\t\t\t<\/div>\n\t\t\t\t<\/div>\n\t\t\t\t<div class=\"elementor-element elementor-element-1025e7a elementor-align-left elementor-widget__width-auto elementor-widget elementor-widget-button\" data-id=\"1025e7a\" data-element_type=\"widget\" data-widget_type=\"button.default\">\n\t\t\t\t<div class=\"elementor-widget-container\">\n\t\t\t\t\t\t\t\t\t<div class=\"elementor-button-wrapper\">\n\t\t\t\t\t<a class=\"elementor-button elementor-button-link elementor-size-sm\" href=\"https:\/\/www.res-food.eu\/Games\/SortingPuzzle-2-Croatian\/index.html\">\n\t\t\t\t\t\t<span class=\"elementor-button-content-wrapper\">\n\t\t\t\t\t\t\t\t\t<span class=\"elementor-button-text\">IGRAJ (humanitarna verzija)<\/span>\n\t\t\t\t\t<\/span>\n\t\t\t\t\t<\/a>\n\t\t\t\t<\/div>\n\t\t\t\t\t\t\t\t<\/div>\n\t\t\t\t<\/div>\n\t\t\t\t\t<\/div>\n\t\t<\/div>\n\t\t\t\t\t<\/div>\n\t\t<\/section>\n\t\t\t\t<section class=\"elementor-section elementor-inner-section elementor-element elementor-element-f7af31b elementor-section-boxed elementor-section-height-default elementor-section-height-default wpr-particle-no wpr-jarallax-no wpr-parallax-no wpr-sticky-section-no\" data-id=\"f7af31b\" data-element_type=\"section\">\n\t\t\t\t\t\t<div class=\"elementor-container elementor-column-gap-default\">\n\t\t\t\t\t<div class=\"elementor-column elementor-col-50 elementor-inner-column elementor-element elementor-element-c3f17b3\" data-id=\"c3f17b3\" data-element_type=\"column\">\n\t\t\t<div class=\"elementor-widget-wrap elementor-element-populated\">\n\t\t\t\t\t\t<div class=\"elementor-element elementor-element-208b3a2 elementor-widget elementor-widget-image\" data-id=\"208b3a2\" data-element_type=\"widget\" data-widget_type=\"image.default\">\n\t\t\t\t<div class=\"elementor-widget-container\">\n\t\t\t\t\t\t\t\t\t\t\t\t\t\t\t<img decoding=\"async\" width=\"1024\" height=\"638\" src=\"https:\/\/www.res-food.eu\/wp-content\/uploads\/2024\/06\/Screenshot-2024-06-26-224421-1024x638.png\" class=\"attachment-large size-large wp-image-2940\" alt=\"\" srcset=\"https:\/\/www.res-food.eu\/wp-content\/uploads\/2024\/06\/Screenshot-2024-06-26-224421-1024x638.png 1024w, https:\/\/www.res-food.eu\/wp-content\/uploads\/2024\/06\/Screenshot-2024-06-26-224421-300x187.png 300w, https:\/\/www.res-food.eu\/wp-content\/uploads\/2024\/06\/Screenshot-2024-06-26-224421-768x479.png 768w, https:\/\/www.res-food.eu\/wp-content\/uploads\/2024\/06\/Screenshot-2024-06-26-224421.png 1192w\" sizes=\"(max-width: 1024px) 100vw, 1024px\" \/>\t\t\t\t\t\t\t\t\t\t\t\t\t\t\t<\/div>\n\t\t\t\t<\/div>\n\t\t\t\t\t<\/div>\n\t\t<\/div>\n\t\t\t\t<div class=\"elementor-column elementor-col-50 elementor-inner-column elementor-element elementor-element-c140124\" data-id=\"c140124\" data-element_type=\"column\">\n\t\t\t<div class=\"elementor-widget-wrap elementor-element-populated\">\n\t\t\t\t\t\t<div class=\"elementor-element elementor-element-b361bca elementor-widget elementor-widget-heading\" data-id=\"b361bca\" data-element_type=\"widget\" data-widget_type=\"heading.default\">\n\t\t\t\t<div class=\"elementor-widget-container\">\n\t\t\t\t\t<h2 class=\"elementor-heading-title elementor-size-default\">Hangman<\/h2>\t\t\t\t<\/div>\n\t\t\t\t<\/div>\n\t\t\t\t<div class=\"elementor-element elementor-element-8b7211f elementor-widget elementor-widget-text-editor\" data-id=\"8b7211f\" data-element_type=\"widget\" data-widget_type=\"text-editor.default\">\n\t\t\t\t<div class=\"elementor-widget-container\">\n\t\t\t\t\t\t\t\t\t<p>Igra ReS-Food Hangman osmi\u0161ljena je za oboga\u0107ivanje va\u0161eg vokabulara i znanja o odr\u017eivosti hrane u ugostiteljskom sektoru (HoReCa) i humanitarnim naporima (Donacije). Ova klasi\u010dna igra rije\u010di izaziva vas da poga\u0111ate slova kako biste otkrili klju\u010dne pojmove povezane s odr\u017eivim praksama, pobolj\u0161avaju\u0107i va\u0161e u\u010denje kroz anga\u017eman i otkri\u0107e.<\/p>\t\t\t\t\t\t\t\t<\/div>\n\t\t\t\t<\/div>\n\t\t\t\t<div class=\"elementor-element elementor-element-1eec4e4 elementor-align-left elementor-widget__width-auto elementor-widget elementor-widget-button\" data-id=\"1eec4e4\" data-element_type=\"widget\" data-widget_type=\"button.default\">\n\t\t\t\t<div class=\"elementor-widget-container\">\n\t\t\t\t\t\t\t\t\t<div class=\"elementor-button-wrapper\">\n\t\t\t\t\t<a class=\"elementor-button elementor-button-link elementor-size-sm\" href=\"https:\/\/www.res-food.eu\/Games\/Hangman\/index.html\">\n\t\t\t\t\t\t<span class=\"elementor-button-content-wrapper\">\n\t\t\t\t\t\t\t\t\t<span class=\"elementor-button-text\">IGRAJ (HoReCa & SM verzija)<\/span>\n\t\t\t\t\t<\/span>\n\t\t\t\t\t<\/a>\n\t\t\t\t<\/div>\n\t\t\t\t\t\t\t\t<\/div>\n\t\t\t\t<\/div>\n\t\t\t\t<div class=\"elementor-element elementor-element-b8d0385 elementor-align-left elementor-widget__width-auto elementor-widget elementor-widget-button\" data-id=\"b8d0385\" data-element_type=\"widget\" data-widget_type=\"button.default\">\n\t\t\t\t<div class=\"elementor-widget-container\">\n\t\t\t\t\t\t\t\t\t<div class=\"elementor-button-wrapper\">\n\t\t\t\t\t<a class=\"elementor-button elementor-button-link elementor-size-sm\" href=\"https:\/\/www.res-food.eu\/Games\/Hangman-2\/index.html\">\n\t\t\t\t\t\t<span class=\"elementor-button-content-wrapper\">\n\t\t\t\t\t\t\t\t\t<span class=\"elementor-button-text\">IGRAJ (humanitarna verzija)<\/span>\n\t\t\t\t\t<\/span>\n\t\t\t\t\t<\/a>\n\t\t\t\t<\/div>\n\t\t\t\t\t\t\t\t<\/div>\n\t\t\t\t<\/div>\n\t\t\t\t\t<\/div>\n\t\t<\/div>\n\t\t\t\t\t<\/div>\n\t\t<\/section>\n\t\t\t\t\t<\/div>\n\t\t<\/div>\n\t\t\t\t\t<\/div>\n\t\t<\/section>\n\t\t\t\t<\/div>\n\t\t","protected":false},"excerpt":{"rendered":"<p>Nastavne igre Dobrodo\u0161li na sljede\u0107u razinu u\u010denja o odr\u017eivim prehrambenim praksama i humanitarnim naporima za smanjenje bacanja hrane preusmjeravanjem gubitaka hrane na donacije. Posebno dizajnirane interaktivne igre \u010dine u\u010denje zabavnim i dojmljivim. Bilo da ste student, profesionalac ili vas jednostavno zanima odr\u017eivost hrane, na\u0161e igre nude jedinstven na\u010din za istra\u017eivanje slo\u017eenih koncepata kroz zanimljive, prakti\u010dne aktivnosti. Pripremite se da izazovete svoje razumijevanje i po\u010dnite igrati sada. Odgovaraju\u0107e karte Igra ReS-Food Matching Cards osmi\u0161ljena je da podigne va\u0161u svijest o odr\u017eivosti hrane u ugostiteljskom sektoru (HoReCa) i humanitarnim naporima (Donacije). Ova igra \u0107e vas izazvati da uparite kartice koje prikazuju odr\u017eive prehrambene prakse, pru\u017eaju\u0107i uzbudljivu priliku da pobolj\u0161ate svoje pam\u0107enje i znanje u ovom podru\u010dju. IGRAJ (HoReCa &#038; SM verzija) IGRAJ (humanitarna verzija) Slagalica za razvrstavanje Igra ReS-Food Sorting Puzzle osmi\u0161ljena je da produbi va\u0161e razumijevanje odr\u017eivog rukovanja hranom u ugostiteljskom sektoru (HoReCa) i humanitarnim inicijativama (Donacije). Ova zanimljiva zagonetka zahtijeva od vas da ispravno kategorizirate razne predmete za donacije, odlaganje ili posebnu logistiku kao \u0161to je hla\u0111enje. IGRAJ (HoReCa &#038; SM verzija) IGRAJ (humanitarna verzija) Hangman Igra ReS-Food Hangman osmi\u0161ljena je za oboga\u0107ivanje va\u0161eg vokabulara i znanja o odr\u017eivosti hrane u ugostiteljskom sektoru (HoReCa) i humanitarnim naporima (Donacije). Ova klasi\u010dna igra rije\u010di izaziva vas da poga\u0111ate slova kako biste otkrili klju\u010dne pojmove povezane s odr\u017eivim praksama, pobolj\u0161avaju\u0107i va\u0161e u\u010denje kroz anga\u017eman i otkri\u0107e. IGRAJ (HoReCa &#038; SM verzija) IGRAJ (humanitarna verzija)<\/p>\n","protected":false},"author":3,"featured_media":0,"parent":0,"menu_order":0,"comment_status":"closed","ping_status":"closed","template":"","meta":{"_exactmetrics_skip_tracking":false,"_exactmetrics_sitenote_active":false,"_exactmetrics_sitenote_note":"","_exactmetrics_sitenote_category":0,"site-sidebar-layout":"no-sidebar","site-content-layout":"page-builder","ast-site-content-layout":"full-width-container","site-content-style":"default","site-sidebar-style":"default","ast-global-header-display":"","ast-banner-title-visibility":"","ast-main-header-display":"","ast-hfb-above-header-display":"","ast-hfb-below-header-display":"","ast-hfb-mobile-header-display":"","site-post-title":"disabled","ast-breadcrumbs-content":"","ast-featured-img":"disabled","footer-sml-layout":"","theme-transparent-header-meta":"default","adv-header-id-meta":"","stick-header-meta":"","header-above-stick-meta":"","header-main-stick-meta":"","header-below-stick-meta":"","astra-migrate-meta-layouts":"set","ast-page-background-enabled":"default","ast-page-background-meta":{"desktop":{"background-color":"var(--ast-global-color-4)","background-image":"","background-repeat":"repeat","background-position":"center center","background-size":"auto","background-attachment":"scroll","background-type":"","background-media":"","overlay-type":"","overlay-color":"","overlay-opacity":"","overlay-gradient":""},"tablet":{"background-color":"","background-image":"","background-repeat":"repeat","background-position":"center center","background-size":"auto","background-attachment":"scroll","background-type":"","background-media":"","overlay-type":"","overlay-color":"","overlay-opacity":"","overlay-gradient":""},"mobile":{"background-color":"","background-image":"","background-repeat":"repeat","background-position":"center center","background-size":"auto","background-attachment":"scroll","background-type":"","background-media":"","overlay-type":"","overlay-color":"","overlay-opacity":"","overlay-gradient":""}},"ast-content-background-meta":{"desktop":{"background-color":"var(--ast-global-color-5)","background-image":"","background-repeat":"repeat","background-position":"center center","background-size":"auto","background-attachment":"scroll","background-type":"","background-media":"","overlay-type":"","overlay-color":"","overlay-opacity":"","overlay-gradient":""},"tablet":{"background-color":"var(--ast-global-color-5)","background-image":"","background-repeat":"repeat","background-position":"center center","background-size":"auto","background-attachment":"scroll","background-type":"","background-media":"","overlay-type":"","overlay-color":"","overlay-opacity":"","overlay-gradient":""},"mobile":{"background-color":"var(--ast-global-color-5)","background-image":"","background-repeat":"repeat","background-position":"center center","background-size":"auto","background-attachment":"scroll","background-type":"","background-media":"","overlay-type":"","overlay-color":"","overlay-opacity":"","overlay-gradient":""}},"footnotes":""},"class_list":["post-3852","page","type-page","status-publish","hentry"],"_links":{"self":[{"href":"https:\/\/www.res-food.eu\/index.php\/wp-json\/wp\/v2\/pages\/3852","targetHints":{"allow":["GET"]}}],"collection":[{"href":"https:\/\/www.res-food.eu\/index.php\/wp-json\/wp\/v2\/pages"}],"about":[{"href":"https:\/\/www.res-food.eu\/index.php\/wp-json\/wp\/v2\/types\/page"}],"author":[{"embeddable":true,"href":"https:\/\/www.res-food.eu\/index.php\/wp-json\/wp\/v2\/users\/3"}],"replies":[{"embeddable":true,"href":"https:\/\/www.res-food.eu\/index.php\/wp-json\/wp\/v2\/comments?post=3852"}],"version-history":[{"count":10,"href":"https:\/\/www.res-food.eu\/index.php\/wp-json\/wp\/v2\/pages\/3852\/revisions"}],"predecessor-version":[{"id":4409,"href":"https:\/\/www.res-food.eu\/index.php\/wp-json\/wp\/v2\/pages\/3852\/revisions\/4409"}],"wp:attachment":[{"href":"https:\/\/www.res-food.eu\/index.php\/wp-json\/wp\/v2\/media?parent=3852"}],"curies":[{"name":"wp","href":"https:\/\/api.w.org\/{rel}","templated":true}]}}