{"id":4581,"date":"2024-09-09T22:24:56","date_gmt":"2024-09-09T22:24:56","guid":{"rendered":"https:\/\/www.res-food.eu\/?page_id=4581"},"modified":"2024-09-09T22:27:15","modified_gmt":"2024-09-09T22:27:15","slug":"course-for-horeca-and-supermarkets-hungarian","status":"publish","type":"page","link":"https:\/\/www.res-food.eu\/index.php\/hu\/course-for-horeca-and-supermarkets-hungarian\/","title":{"rendered":"Course for HoReCa and Supermarkets &#8211; Hungarian"},"content":{"rendered":"\t\t<div data-elementor-type=\"wp-page\" data-elementor-id=\"4581\" class=\"elementor elementor-4581\">\n\t\t\t\t\t\t<section class=\"elementor-section elementor-top-section elementor-element elementor-element-1baa242 elementor-reverse-tablet elementor-reverse-mobile elementor-section-boxed elementor-section-height-default elementor-section-height-default wpr-particle-no wpr-jarallax-no wpr-parallax-no wpr-sticky-section-no\" data-id=\"1baa242\" data-element_type=\"section\" data-settings=\"{&quot;background_background&quot;:&quot;classic&quot;}\">\n\t\t\t\t\t\t<div class=\"elementor-container elementor-column-gap-default\">\n\t\t\t\t\t<div class=\"elementor-column elementor-col-50 elementor-top-column elementor-element elementor-element-d7533b1 elementor-section-wrapper\" data-id=\"d7533b1\" data-element_type=\"column\">\n\t\t\t<div class=\"elementor-widget-wrap elementor-element-populated\">\n\t\t\t\t\t\t<div class=\"elementor-element elementor-element-1b43f4d elementor-widget elementor-widget-heading\" data-id=\"1b43f4d\" data-element_type=\"widget\" data-widget_type=\"heading.default\">\n\t\t\t\t<div class=\"elementor-widget-container\">\n\t\t\t\t\t<h2 class=\"elementor-heading-title elementor-size-default\">K\u00e9pz\u00e9s HoReCa v\u00e1llalkoz\u00e1soknak \u00e9s szupermarketeknek<\/h2>\t\t\t\t<\/div>\n\t\t\t\t<\/div>\n\t\t\t\t<div class=\"elementor-element elementor-element-737d97b elementor-widget elementor-widget-text-editor\" data-id=\"737d97b\" data-element_type=\"widget\" data-widget_type=\"text-editor.default\">\n\t\t\t\t<div class=\"elementor-widget-container\">\n\t\t\t\t\t\t\t\t\t<p data-pm-slice=\"1 1 []\"><strong>Kinek sz\u00f3l a k\u00e9pz\u00e9s?<\/strong><\/p><p>Ez a tanfolyam olyan szupermarketekben, sz\u00e1llod\u00e1kban, \u00e9ttermekben vagy k\u00e1v\u00e9z\u00f3kban dolgoz\u00f3 szem\u00e9lyek sz\u00e1m\u00e1ra k\u00e9sz\u00fclt, akik szeretn\u00e9k fejleszteni k\u00e9szs\u00e9geiket \u00e9s ismereteiket a fenntarthat\u00f3 gyakorlatok \u00e9s az \u00e9lelmiszerhullad\u00e9k cs\u00f6kkent\u00e9se ter\u00e9n.<\/p><p><strong>A k\u00e9pz\u00e9s fel\u00e9p\u00edt\u00e9se \u00e9s id\u0151tartama<\/strong><\/p><p>Az 1-3 modulok \u00e9rt\u00e9kes ismereteket ny\u00fajtanak mind a szupermarketek, mind a HoReCa szektor sz\u00e1m\u00e1ra. A 4-es modul szektorspecifikus: a 4.a modul kifejezetten a szupermarketeknek, m\u00edg a 4.b modul a HoReCa szketorban dolgoz\u00f3knak sz\u00f3l.A r\u00e9sztvev\u0151k ak\u00e1r mindk\u00e9t r\u00e9sz\u00e9t is elv\u00e9gezhetik a 4. modulnak, \u00edgy a k\u00e9pz\u00e9s teljes id\u0151tartama 15 \u00f3r\u00e1t tesz ki.<\/p><p><strong>Tan\u00fas\u00edtv\u00e1ny megszerz\u00e9se<\/strong><\/p><p>Azok az elk\u00f6telezett tanul\u00f3k, akik 6 h\u00e9ten bel\u00fcl sikeresen teljes\u00edtik az \u00f6sszes modult, szakmai fejl\u0151d\u00e9s\u00fcket elismer\u0151 tan\u00fas\u00edtv\u00e1nyt kapnak.<\/p>\t\t\t\t\t\t\t\t<\/div>\n\t\t\t\t<\/div>\n\t\t\t\t<div class=\"elementor-element elementor-element-6c57150 elementor-widget elementor-widget-heading\" data-id=\"6c57150\" data-element_type=\"widget\" data-widget_type=\"heading.default\">\n\t\t\t\t<div class=\"elementor-widget-container\">\n\t\t\t\t\t<h2 class=\"elementor-heading-title elementor-size-default\">Tartalom<\/h2>\t\t\t\t<\/div>\n\t\t\t\t<\/div>\n\t\t\t\t<div class=\"elementor-element elementor-element-aea9c46 elementor-widget elementor-widget-heading\" data-id=\"aea9c46\" data-element_type=\"widget\" data-widget_type=\"heading.default\">\n\t\t\t\t<div class=\"elementor-widget-container\">\n\t\t\t\t\t<h5 class=\"elementor-heading-title elementor-size-default\">Modul 1: \u00c9lelmiszerfelesleg<\/h5>\t\t\t\t<\/div>\n\t\t\t\t<\/div>\n\t\t\t\t<div class=\"elementor-element elementor-element-4bd92ec elementor-widget elementor-widget-heading\" data-id=\"4bd92ec\" data-element_type=\"widget\" data-widget_type=\"heading.default\">\n\t\t\t\t<div class=\"elementor-widget-container\">\n\t\t\t\t\t<h5 class=\"elementor-heading-title elementor-size-default\">Modul 2: \u00c9lelmiszerpazarl\u00e1s megel\u0151z\u00e9se<\/h5>\t\t\t\t<\/div>\n\t\t\t\t<\/div>\n\t\t\t\t<div class=\"elementor-element elementor-element-ddf2910 elementor-widget elementor-widget-heading\" data-id=\"ddf2910\" data-element_type=\"widget\" data-widget_type=\"heading.default\">\n\t\t\t\t<div class=\"elementor-widget-container\">\n\t\t\t\t\t<h5 class=\"elementor-heading-title elementor-size-default\">Modul 3:Meg\u00fajul\u00f3 \u00e9lelmiszerell\u00e1t\u00e1s<\/h5>\t\t\t\t<\/div>\n\t\t\t\t<\/div>\n\t\t\t\t<div class=\"elementor-element elementor-element-74805b2 elementor-widget elementor-widget-heading\" data-id=\"74805b2\" data-element_type=\"widget\" data-widget_type=\"heading.default\">\n\t\t\t\t<div class=\"elementor-widget-container\">\n\t\t\t\t\t<h5 class=\"elementor-heading-title elementor-size-default\">Modul 4a: Elm\u00e9lett\u0151l a gyakorlatig szupermarketek sz\u00e1m\u00e1ra<\/h5>\t\t\t\t<\/div>\n\t\t\t\t<\/div>\n\t\t\t\t<div class=\"elementor-element elementor-element-f37d5ad elementor-widget elementor-widget-heading\" data-id=\"f37d5ad\" data-element_type=\"widget\" data-widget_type=\"heading.default\">\n\t\t\t\t<div class=\"elementor-widget-container\">\n\t\t\t\t\t<h5 class=\"elementor-heading-title elementor-size-default\">Modul 4b: Elm\u00e9lett\u0151l a gyakorlatig HoReCa v\u00e1llalkoz\u00e1soknak<\/h5>\t\t\t\t<\/div>\n\t\t\t\t<\/div>\n\t\t\t\t\t<\/div>\n\t\t<\/div>\n\t\t\t\t<div class=\"elementor-column elementor-col-50 elementor-top-column elementor-element elementor-element-7063bc3 sticky-main\" data-id=\"7063bc3\" data-element_type=\"column\">\n\t\t\t<div class=\"elementor-widget-wrap elementor-element-populated\">\n\t\t\t\t\t\t<section class=\"elementor-section elementor-inner-section elementor-element elementor-element-ca110ef sticky-column elementor-section-boxed elementor-section-height-default elementor-section-height-default wpr-particle-no wpr-jarallax-no wpr-parallax-no wpr-sticky-section-no\" data-id=\"ca110ef\" data-element_type=\"section\">\n\t\t\t\t\t\t<div class=\"elementor-container elementor-column-gap-default\">\n\t\t\t\t\t<div class=\"elementor-column elementor-col-100 elementor-inner-column elementor-element elementor-element-b0324e5\" data-id=\"b0324e5\" data-element_type=\"column\">\n\t\t\t<div class=\"elementor-widget-wrap elementor-element-populated\">\n\t\t\t\t\t\t<div class=\"elementor-element elementor-element-a5e1c90 elementor-widget elementor-widget-image\" data-id=\"a5e1c90\" data-element_type=\"widget\" data-widget_type=\"image.default\">\n\t\t\t\t<div class=\"elementor-widget-container\">\n\t\t\t\t\t\t\t\t\t\t\t\t\t\t\t<img fetchpriority=\"high\" decoding=\"async\" width=\"1000\" height=\"667\" src=\"https:\/\/www.res-food.eu\/wp-content\/uploads\/2024\/03\/2149565242.jpg\" class=\"attachment-large size-large wp-image-1169\" alt=\"\" srcset=\"https:\/\/www.res-food.eu\/wp-content\/uploads\/2024\/03\/2149565242.jpg 1000w, https:\/\/www.res-food.eu\/wp-content\/uploads\/2024\/03\/2149565242-300x200.jpg 300w, https:\/\/www.res-food.eu\/wp-content\/uploads\/2024\/03\/2149565242-768x512.jpg 768w\" sizes=\"(max-width: 1000px) 100vw, 1000px\" \/>\t\t\t\t\t\t\t\t\t\t\t\t\t\t\t<\/div>\n\t\t\t\t<\/div>\n\t\t\t\t<div class=\"elementor-element elementor-element-ec99719 elementor-align-justify elementor-widget elementor-widget-button\" data-id=\"ec99719\" data-element_type=\"widget\" id=\"myButton\" data-widget_type=\"button.default\">\n\t\t\t\t<div class=\"elementor-widget-container\">\n\t\t\t\t\t\t\t\t\t<div class=\"elementor-button-wrapper\">\n\t\t\t\t\t<a class=\"elementor-button elementor-button-link elementor-size-sm\" href=\"https:\/\/www.res-food.eu\/index.php\/hu\/online-training-sm-horeca-hungarian\/?lesson=1\">\n\t\t\t\t\t\t<span class=\"elementor-button-content-wrapper\">\n\t\t\t\t\t\t\t\t\t<span class=\"elementor-button-text\">K\u00e9pz\u00e9s ind\u00edt\u00e1sa<\/span>\n\t\t\t\t\t<\/span>\n\t\t\t\t\t<\/a>\n\t\t\t\t<\/div>\n\t\t\t\t\t\t\t\t<\/div>\n\t\t\t\t<\/div>\n\t\t\t\t\t<\/div>\n\t\t<\/div>\n\t\t\t\t\t<\/div>\n\t\t<\/section>\n\t\t\t\t\t<\/div>\n\t\t<\/div>\n\t\t\t\t\t<\/div>\n\t\t<\/section>\n\t\t\t\t<section class=\"elementor-section elementor-top-section elementor-element elementor-element-1a30b16 elementor-section-boxed elementor-section-height-default elementor-section-height-default wpr-particle-no wpr-jarallax-no wpr-parallax-no wpr-sticky-section-no\" data-id=\"1a30b16\" data-element_type=\"section\">\n\t\t\t\t\t\t<div class=\"elementor-container elementor-column-gap-default\">\n\t\t\t\t\t<div class=\"elementor-column elementor-col-100 elementor-top-column elementor-element elementor-element-7a87e48\" data-id=\"7a87e48\" data-element_type=\"column\">\n\t\t\t<div class=\"elementor-widget-wrap elementor-element-populated\">\n\t\t\t\t\t\t<div class=\"elementor-element elementor-element-73bf8bc elementor-widget elementor-widget-html\" data-id=\"73bf8bc\" data-element_type=\"widget\" data-widget_type=\"html.default\">\n\t\t\t\t<div class=\"elementor-widget-container\">\n\t\t\t\t\t<style>\n\n.sticky-column {\nposition: sticky;\nposition: -webkit-sticky;\ntop: 8rem;\n}\n.sticky-main \n.elementor-widget-wrap {\ndisplay: block!important;\n}\n\n<\/style>\n\n\n\n\n\t\t\t\t<\/div>\n\t\t\t\t<\/div>\n\t\t\t\t\t<\/div>\n\t\t<\/div>\n\t\t\t\t\t<\/div>\n\t\t<\/section>\n\t\t\t\t<\/div>\n\t\t","protected":false},"excerpt":{"rendered":"<p>K\u00e9pz\u00e9s HoReCa v\u00e1llalkoz\u00e1soknak \u00e9s szupermarketeknek Kinek sz\u00f3l a k\u00e9pz\u00e9s? Ez a tanfolyam olyan szupermarketekben, sz\u00e1llod\u00e1kban, \u00e9ttermekben vagy k\u00e1v\u00e9z\u00f3kban dolgoz\u00f3 szem\u00e9lyek sz\u00e1m\u00e1ra k\u00e9sz\u00fclt, akik szeretn\u00e9k fejleszteni k\u00e9szs\u00e9geiket \u00e9s ismereteiket a fenntarthat\u00f3 gyakorlatok \u00e9s az \u00e9lelmiszerhullad\u00e9k cs\u00f6kkent\u00e9se ter\u00e9n. A k\u00e9pz\u00e9s fel\u00e9p\u00edt\u00e9se \u00e9s id\u0151tartama Az 1-3 modulok \u00e9rt\u00e9kes ismereteket ny\u00fajtanak mind a szupermarketek, mind a HoReCa szektor sz\u00e1m\u00e1ra. A 4-es modul szektorspecifikus: a 4.a modul kifejezetten a szupermarketeknek, m\u00edg a 4.b modul a HoReCa szketorban dolgoz\u00f3knak sz\u00f3l.A r\u00e9sztvev\u0151k ak\u00e1r mindk\u00e9t r\u00e9sz\u00e9t is elv\u00e9gezhetik a 4. modulnak, \u00edgy a k\u00e9pz\u00e9s teljes id\u0151tartama 15 \u00f3r\u00e1t tesz ki. Tan\u00fas\u00edtv\u00e1ny megszerz\u00e9se Azok az elk\u00f6telezett tanul\u00f3k, akik 6 h\u00e9ten bel\u00fcl sikeresen teljes\u00edtik az \u00f6sszes modult, szakmai fejl\u0151d\u00e9s\u00fcket elismer\u0151 tan\u00fas\u00edtv\u00e1nyt kapnak. Tartalom Modul 1: \u00c9lelmiszerfelesleg Modul 2: \u00c9lelmiszerpazarl\u00e1s megel\u0151z\u00e9se Modul 3:Meg\u00fajul\u00f3 \u00e9lelmiszerell\u00e1t\u00e1s Modul 4a: Elm\u00e9lett\u0151l a gyakorlatig szupermarketek sz\u00e1m\u00e1ra Modul 4b: Elm\u00e9lett\u0151l a gyakorlatig HoReCa v\u00e1llalkoz\u00e1soknak K\u00e9pz\u00e9s ind\u00edt\u00e1sa<\/p>\n","protected":false},"author":2,"featured_media":0,"parent":0,"menu_order":0,"comment_status":"closed","ping_status":"closed","template":"","meta":{"_exactmetrics_skip_tracking":false,"_exactmetrics_sitenote_active":false,"_exactmetrics_sitenote_note":"","_exactmetrics_sitenote_category":0,"site-sidebar-layout":"no-sidebar","site-content-layout":"page-builder","ast-site-content-layout":"full-width-container","site-content-style":"default","site-sidebar-style":"default","ast-global-header-display":"","ast-banner-title-visibility":"","ast-main-header-display":"","ast-hfb-above-header-display":"","ast-hfb-below-header-display":"","ast-hfb-mobile-header-display":"","site-post-title":"disabled","ast-breadcrumbs-content":"","ast-featured-img":"disabled","footer-sml-layout":"","theme-transparent-header-meta":"default","adv-header-id-meta":"","stick-header-meta":"","header-above-stick-meta":"","header-main-stick-meta":"","header-below-stick-meta":"","astra-migrate-meta-layouts":"set","ast-page-background-enabled":"default","ast-page-background-meta":{"desktop":{"background-color":"var(--ast-global-color-4)","background-image":"","background-repeat":"repeat","background-position":"center center","background-size":"auto","background-attachment":"scroll","background-type":"","background-media":"","overlay-type":"","overlay-color":"","overlay-opacity":"","overlay-gradient":""},"tablet":{"background-color":"","background-image":"","background-repeat":"repeat","background-position":"center center","background-size":"auto","background-attachment":"scroll","background-type":"","background-media":"","overlay-type":"","overlay-color":"","overlay-opacity":"","overlay-gradient":""},"mobile":{"background-color":"","background-image":"","background-repeat":"repeat","background-position":"center center","background-size":"auto","background-attachment":"scroll","background-type":"","background-media":"","overlay-type":"","overlay-color":"","overlay-opacity":"","overlay-gradient":""}},"ast-content-background-meta":{"desktop":{"background-color":"var(--ast-global-color-5)","background-image":"","background-repeat":"repeat","background-position":"center center","background-size":"auto","background-attachment":"scroll","background-type":"","background-media":"","overlay-type":"","overlay-color":"","overlay-opacity":"","overlay-gradient":""},"tablet":{"background-color":"var(--ast-global-color-5)","background-image":"","background-repeat":"repeat","background-position":"center center","background-size":"auto","background-attachment":"scroll","background-type":"","background-media":"","overlay-type":"","overlay-color":"","overlay-opacity":"","overlay-gradient":""},"mobile":{"background-color":"var(--ast-global-color-5)","background-image":"","background-repeat":"repeat","background-position":"center center","background-size":"auto","background-attachment":"scroll","background-type":"","background-media":"","overlay-type":"","overlay-color":"","overlay-opacity":"","overlay-gradient":""}},"footnotes":""},"class_list":["post-4581","page","type-page","status-publish","hentry"],"_links":{"self":[{"href":"https:\/\/www.res-food.eu\/index.php\/wp-json\/wp\/v2\/pages\/4581","targetHints":{"allow":["GET"]}}],"collection":[{"href":"https:\/\/www.res-food.eu\/index.php\/wp-json\/wp\/v2\/pages"}],"about":[{"href":"https:\/\/www.res-food.eu\/index.php\/wp-json\/wp\/v2\/types\/page"}],"author":[{"embeddable":true,"href":"https:\/\/www.res-food.eu\/index.php\/wp-json\/wp\/v2\/users\/2"}],"replies":[{"embeddable":true,"href":"https:\/\/www.res-food.eu\/index.php\/wp-json\/wp\/v2\/comments?post=4581"}],"version-history":[{"count":7,"href":"https:\/\/www.res-food.eu\/index.php\/wp-json\/wp\/v2\/pages\/4581\/revisions"}],"predecessor-version":[{"id":4588,"href":"https:\/\/www.res-food.eu\/index.php\/wp-json\/wp\/v2\/pages\/4581\/revisions\/4588"}],"wp:attachment":[{"href":"https:\/\/www.res-food.eu\/index.php\/wp-json\/wp\/v2\/media?parent=4581"}],"curies":[{"name":"wp","href":"https:\/\/api.w.org\/{rel}","templated":true}]}}